{"id":246,"date":"2025-12-01T15:45:40","date_gmt":"2025-12-01T13:45:40","guid":{"rendered":"https:\/\/geopool.dev.wikstrommedia.fi\/?page_id=246"},"modified":"2025-12-01T15:45:40","modified_gmt":"2025-12-01T13:45:40","slug":"careers","status":"publish","type":"page","link":"https:\/\/geopool.se\/en\/careers\/","title":{"rendered":"Careers"},"content":{"rendered":"\n<div class=\"has-pattern has-pattern-top-left -header wp-elements-d4dd4f4c6969dcb838677725ce06a85d wp-block-wm-header has-text-color has-milk-color has-background has-crowberry-blue-background-color\">\n    <div id=\"top\" class=\"wp-block-wm-header__inner\">\n        \n\n<div class=\"wp-block-columns -c6-6 row\">\n<div class=\"wp-block-column col\">\n<h1 class=\"wp-block-heading\">CAREERS<\/h1>\n\n\n\n<p class=\"wm-rfs-h3 wm-mb-3\">Come discover together with us!<\/p>\n\n\n\n<p>We are recruiting new GeoPoolers to join our expert organization. GeoPool offers a wide range of career path possibilities in the scope of exploration and geological research. <\/p>\n\n\n\n<p>At GeoPool, you may develop your competence by working at different stages of exploration with a variety of clients active in the Nordic countries. Within our organization, you have the possibility to provide solutions that benefit our clients, the local communities, and the whole industry. In our view, earning and retaining the social license to operate is the key to successful exploration.<\/p>\n<\/div>\n\n\n\n<div class=\"wp-block-column col\">\n<figure class=\"wp-block-image alignright size-full\"><img decoding=\"async\" src=\"https:\/\/geopool.fi\/wp-content\/uploads\/2025\/11\/careers_web.png\" alt=\"\" class=\"wp-image-3996\"\/><\/figure>\n<\/div>\n<\/div>\n\n    <\/div>\n<\/div>\n\n\n<section class=\"wp-elements-cc835f159f7df8d869a2495e556f5e15 wp-block-wm-section has-text-color has-crowberry-blue-color has-background has-satin-linen-background-color\">\n\t\t<div class=\"wp-block-wm-section__inner\">\n\t\t\n\n<h2 class=\"wp-block-heading has-text-align-center\">OPEN VACANCIES<\/h2>\n\n\n        <div class=\"wm-jobs\">\n                            <div class=\"wm-jobs__job\">\n                    <div class=\"wm-jobs__jobText\">\n                        <h2 class=\"wm-rfs-h-25\">Expert Geoscientist<\/h6>\n                        <p>Would you like to expand a current or create a new division at GeoPool? Mentor research projects and ourpersonnel in the scope of your field of expertise. Develop new methods and procedures.<\/p>\n                        <div class=\"wm-jobs__jobTags\">\n                            <span><i class=\"fal fa-map-marker-alt\"><\/i>Remote<\/span> <span><i class=\"fal fa-map-marker-alt\"><\/i>Sweden<\/span> <span><i class=\"fal fa-map-marker-alt\"><\/i>Finland<\/span> <span><i class=\"fal fa-clock\"><\/i>Full time<\/span>                         <\/div>\n                    <\/div>\n                    <div class=\"wm-jobs__jobLinks\">\n                        <div class=\"wp-block-buttons justify-content-end\">\n                            <div class=\"wp-block-button -beige\">\n                                <a class=\"wp-block-button__link\" href=\"https:\/\/geopool.se\/en\/job\/expert-geoscientist\/\">Read more<\/a> \n                            <\/div> \n                        <\/div>\n                        <div><strong>Application deadline:<\/strong> 18.09.2025<\/div>                    <\/div>\n                <\/div>\n                            <div class=\"wm-jobs__job\">\n                    <div class=\"wm-jobs__jobText\">\n                        <h2 class=\"wm-rfs-h-25\">Senior Exploration Geologist<\/h6>\n                        <p>Manage and plan exploration activities in various projects. Establish safety, environmental, and quality control procedures. Communicate with clients, contractors, and stakeholders. Organize project personnel, budgeting, and contracts.<\/p>\n                        <div class=\"wm-jobs__jobTags\">\n                            <span><i class=\"fal fa-map-marker-alt\"><\/i>Finland<\/span> <span><i class=\"fal fa-clock\"><\/i>Full time<\/span>                         <\/div>\n                    <\/div>\n                    <div class=\"wm-jobs__jobLinks\">\n                        <div class=\"wp-block-buttons justify-content-end\">\n                            <div class=\"wp-block-button -beige\">\n                                <a class=\"wp-block-button__link\" href=\"https:\/\/geopool.se\/en\/job\/senior-exploration-geologist\/\">Read more<\/a> \n                            <\/div> \n                        <\/div>\n                                            <\/div>\n                <\/div>\n                            <div class=\"wm-jobs__job\">\n                    <div class=\"wm-jobs__jobText\">\n                        <h2 class=\"wm-rfs-h-25\">Prospekterings&shy;geolog<\/h6>\n                        <p>Vi s\u00f6ker mineralprospekteringsgeologer som kan ta hand om den praktiska organisationen av f\u00e4ltunders\u00f6kningar och rapporteringen av geologiska prover.<\/p>\n                        <div class=\"wm-jobs__jobTags\">\n                                                    <\/div>\n                    <\/div>\n                    <div class=\"wm-jobs__jobLinks\">\n                        <div class=\"wp-block-buttons justify-content-end\">\n                            <div class=\"wp-block-button -beige\">\n                                <a class=\"wp-block-button__link\" href=\"https:\/\/geopool.se\/en\/jobb\/prospekteringsgeolog\/\">Read more<\/a> \n                            <\/div> \n                        <\/div>\n                                            <\/div>\n                <\/div>\n                    <\/div>\n\n    \n\n\t<\/div>\n<\/section> \n","protected":false},"excerpt":{"rendered":"","protected":false},"author":2,"featured_media":0,"parent":0,"menu_order":0,"comment_status":"closed","ping_status":"closed","template":"","meta":{"inline_featured_image":false,"footnotes":""},"class_list":["post-246","page","type-page","status-publish"],"yoast_head":"<!-- This site is optimized with the Yoast SEO plugin v24.3 - https:\/\/yoast.com\/wordpress\/plugins\/seo\/ -->\n<title>Careers - GeoPool Sverige<\/title>\n<meta name=\"description\" content=\"GeoPool offers a wide range of career path possibilities in the scope of exploration and geological research.\" \/>\n<meta name=\"robots\" content=\"index, follow, max-snippet:-1, max-image-preview:large, max-video-preview:-1\" \/>\n<link rel=\"canonical\" href=\"https:\/\/geopool.se\/careers\/\" \/>\n<meta property=\"og:locale\" content=\"en_US\" \/>\n<meta property=\"og:type\" content=\"article\" \/>\n<meta property=\"og:title\" content=\"Careers - GeoPool Sverige\" \/>\n<meta property=\"og:description\" content=\"GeoPool offers a wide range of career path possibilities in the scope of exploration and geological research.\" \/>\n<meta property=\"og:url\" content=\"https:\/\/geopool.se\/careers\/\" \/>\n<meta property=\"og:site_name\" content=\"GeoPool Sverige\" \/>\n<meta property=\"og:image\" content=\"https:\/\/geopool.fi\/wp-content\/uploads\/2025\/09\/together-6.png\" \/>\n<meta name=\"twitter:card\" content=\"summary_large_image\" \/>\n<script type=\"application\/ld+json\" class=\"yoast-schema-graph\">{\"@context\":\"https:\/\/schema.org\",\"@graph\":[{\"@type\":\"WebPage\",\"@id\":\"https:\/\/geopool.se\/careers\/\",\"url\":\"https:\/\/geopool.se\/careers\/\",\"name\":\"Careers - GeoPool Sverige\",\"isPartOf\":{\"@id\":\"https:\/\/geopool.se\/#website\"},\"primaryImageOfPage\":{\"@id\":\"https:\/\/geopool.se\/careers\/#primaryimage\"},\"image\":{\"@id\":\"https:\/\/geopool.se\/careers\/#primaryimage\"},\"thumbnailUrl\":\"https:\/\/geopool.fi\/wp-content\/uploads\/2025\/11\/careers_web.png\",\"datePublished\":\"2025-12-01T13:45:40+00:00\",\"dateModified\":\"2025-12-01T13:45:40+00:00\",\"description\":\"GeoPool offers a wide range of career path possibilities in the scope of exploration and geological research.\",\"breadcrumb\":{\"@id\":\"https:\/\/geopool.se\/careers\/#breadcrumb\"},\"inLanguage\":\"en-US\",\"potentialAction\":[{\"@type\":\"ReadAction\",\"target\":[\"https:\/\/geopool.se\/careers\/\"]}]},{\"@type\":\"ImageObject\",\"inLanguage\":\"en-US\",\"@id\":\"https:\/\/geopool.se\/careers\/#primaryimage\",\"url\":\"https:\/\/geopool.fi\/wp-content\/uploads\/2025\/11\/careers_web.png\",\"contentUrl\":\"https:\/\/geopool.fi\/wp-content\/uploads\/2025\/11\/careers_web.png\"},{\"@type\":\"BreadcrumbList\",\"@id\":\"https:\/\/geopool.se\/careers\/#breadcrumb\",\"itemListElement\":[{\"@type\":\"ListItem\",\"position\":1,\"name\":\"Home\",\"item\":\"https:\/\/geopool.se\/\"},{\"@type\":\"ListItem\",\"position\":2,\"name\":\"Careers\"}]},{\"@type\":\"WebSite\",\"@id\":\"https:\/\/geopool.se\/#website\",\"url\":\"https:\/\/geopool.se\/\",\"name\":\"GeoPool Sverige\",\"description\":\"Discovering together\",\"publisher\":{\"@id\":\"https:\/\/geopool.se\/#organization\"},\"potentialAction\":[{\"@type\":\"SearchAction\",\"target\":{\"@type\":\"EntryPoint\",\"urlTemplate\":\"https:\/\/geopool.se\/?s={search_term_string}\"},\"query-input\":{\"@type\":\"PropertyValueSpecification\",\"valueRequired\":true,\"valueName\":\"search_term_string\"}}],\"inLanguage\":\"en-US\"},{\"@type\":\"Organization\",\"@id\":\"https:\/\/geopool.se\/#organization\",\"name\":\"GeoPool Sverige\",\"url\":\"https:\/\/geopool.se\/\",\"logo\":{\"@type\":\"ImageObject\",\"inLanguage\":\"en-US\",\"@id\":\"https:\/\/geopool.se\/#\/schema\/logo\/image\/\",\"url\":\"https:\/\/geopool.se\/wp-content\/uploads\/sites\/6\/2025\/08\/group-4.svg\",\"contentUrl\":\"https:\/\/geopool.se\/wp-content\/uploads\/sites\/6\/2025\/08\/group-4.svg\",\"width\":191,\"height\":57,\"caption\":\"GeoPool Sverige\"},\"image\":{\"@id\":\"https:\/\/geopool.se\/#\/schema\/logo\/image\/\"}}]}<\/script>\n<!-- \/ Yoast SEO plugin. -->","yoast_head_json":{"title":"Careers - GeoPool Sverige","description":"GeoPool offers a wide range of career path possibilities in the scope of exploration and geological research.","robots":{"index":"index","follow":"follow","max-snippet":"max-snippet:-1","max-image-preview":"max-image-preview:large","max-video-preview":"max-video-preview:-1"},"canonical":"https:\/\/geopool.se\/careers\/","og_locale":"en_US","og_type":"article","og_title":"Careers - GeoPool Sverige","og_description":"GeoPool offers a wide range of career path possibilities in the scope of exploration and geological research.","og_url":"https:\/\/geopool.se\/careers\/","og_site_name":"GeoPool Sverige","og_image":[{"url":"https:\/\/geopool.fi\/wp-content\/uploads\/2025\/09\/together-6.png","type":"","width":"","height":""}],"twitter_card":"summary_large_image","schema":{"@context":"https:\/\/schema.org","@graph":[{"@type":"WebPage","@id":"https:\/\/geopool.se\/careers\/","url":"https:\/\/geopool.se\/careers\/","name":"Careers - GeoPool Sverige","isPartOf":{"@id":"https:\/\/geopool.se\/#website"},"primaryImageOfPage":{"@id":"https:\/\/geopool.se\/careers\/#primaryimage"},"image":{"@id":"https:\/\/geopool.se\/careers\/#primaryimage"},"thumbnailUrl":"https:\/\/geopool.fi\/wp-content\/uploads\/2025\/11\/careers_web.png","datePublished":"2025-12-01T13:45:40+00:00","dateModified":"2025-12-01T13:45:40+00:00","description":"GeoPool offers a wide range of career path possibilities in the scope of exploration and geological research.","breadcrumb":{"@id":"https:\/\/geopool.se\/careers\/#breadcrumb"},"inLanguage":"en-US","potentialAction":[{"@type":"ReadAction","target":["https:\/\/geopool.se\/careers\/"]}]},{"@type":"ImageObject","inLanguage":"en-US","@id":"https:\/\/geopool.se\/careers\/#primaryimage","url":"https:\/\/geopool.fi\/wp-content\/uploads\/2025\/11\/careers_web.png","contentUrl":"https:\/\/geopool.fi\/wp-content\/uploads\/2025\/11\/careers_web.png"},{"@type":"BreadcrumbList","@id":"https:\/\/geopool.se\/careers\/#breadcrumb","itemListElement":[{"@type":"ListItem","position":1,"name":"Home","item":"https:\/\/geopool.se\/"},{"@type":"ListItem","position":2,"name":"Careers"}]},{"@type":"WebSite","@id":"https:\/\/geopool.se\/#website","url":"https:\/\/geopool.se\/","name":"GeoPool Sverige","description":"Discovering together","publisher":{"@id":"https:\/\/geopool.se\/#organization"},"potentialAction":[{"@type":"SearchAction","target":{"@type":"EntryPoint","urlTemplate":"https:\/\/geopool.se\/?s={search_term_string}"},"query-input":{"@type":"PropertyValueSpecification","valueRequired":true,"valueName":"search_term_string"}}],"inLanguage":"en-US"},{"@type":"Organization","@id":"https:\/\/geopool.se\/#organization","name":"GeoPool Sverige","url":"https:\/\/geopool.se\/","logo":{"@type":"ImageObject","inLanguage":"en-US","@id":"https:\/\/geopool.se\/#\/schema\/logo\/image\/","url":"https:\/\/geopool.se\/wp-content\/uploads\/sites\/6\/2025\/08\/group-4.svg","contentUrl":"https:\/\/geopool.se\/wp-content\/uploads\/sites\/6\/2025\/08\/group-4.svg","width":191,"height":57,"caption":"GeoPool Sverige"},"image":{"@id":"https:\/\/geopool.se\/#\/schema\/logo\/image\/"}}]}},"_links":{"self":[{"href":"https:\/\/geopool.se\/en\/wp-json\/wp\/v2\/pages\/246","targetHints":{"allow":["GET"]}}],"collection":[{"href":"https:\/\/geopool.se\/en\/wp-json\/wp\/v2\/pages"}],"about":[{"href":"https:\/\/geopool.se\/en\/wp-json\/wp\/v2\/types\/page"}],"author":[{"embeddable":true,"href":"https:\/\/geopool.se\/en\/wp-json\/wp\/v2\/users\/2"}],"replies":[{"embeddable":true,"href":"https:\/\/geopool.se\/en\/wp-json\/wp\/v2\/comments?post=246"}],"version-history":[{"count":0,"href":"https:\/\/geopool.se\/en\/wp-json\/wp\/v2\/pages\/246\/revisions"}],"wp:attachment":[{"href":"https:\/\/geopool.se\/en\/wp-json\/wp\/v2\/media?parent=246"}],"curies":[{"name":"wp","href":"https:\/\/api.w.org\/{rel}","templated":true}]}}